{"id":87,"date":"2022-08-08T23:40:33","date_gmt":"2022-08-09T04:40:33","guid":{"rendered":"https:\/\/biosaludlaboratorio.com\/?page_id=87"},"modified":"2023-04-05T12:07:41","modified_gmt":"2023-04-05T17:07:41","slug":"preparacion-para-examenes","status":"publish","type":"page","link":"https:\/\/biosaludlaboratorio.com\/index.php\/preparacion-para-examenes\/","title":{"rendered":"Preparaci\u00f3n para ex\u00e1menes"},"content":{"rendered":"<p>[et_pb_section fb_built=\u00bb1&#8243; _builder_version=\u00bb4.17.0&#8243; _module_preset=\u00bbdefault\u00bb hover_enabled=\u00bb0&#8243; global_colors_info=\u00bb{}\u00bb custom_padding=\u00bb25px||0px|||\u00bb title_text=\u00bbtherapist-10-1024&#215;325-01&#8243; background_image=\u00bbhttps:\/\/biosaludlaboratorio.com\/wp-content\/uploads\/2023\/03\/therapist-10-1024&#215;325-01-scaled.jpg\u00bb sticky_enabled=\u00bb0&#8243;][et_pb_row _builder_version=\u00bb4.17.0&#8243; _module_preset=\u00bbdefault\u00bb global_colors_info=\u00bb{}\u00bb][et_pb_column type=\u00bb4_4&#8243; _builder_version=\u00bb4.17.0&#8243; _module_preset=\u00bbdefault\u00bb global_colors_info=\u00bb{}\u00bb][et_pb_text _builder_version=\u00bb4.17.0&#8243; _module_preset=\u00bbdefault\u00bb header_font=\u00bb|800|||||||\u00bb header_font_size=\u00bb41px\u00bb header_2_font=\u00bb|700|||||||\u00bb header_3_font=\u00bb|700|||||||\u00bb global_colors_info=\u00bb{}\u00bb]<\/p>\n<div class=\"et_pb_module et_pb_text et_pb_text_1  et_pb_text_align_left et_pb_bg_layout_light\">\n<div class=\"et_pb_text_inner\">\n<h1>Preparaci\u00f3n para ex\u00e1menes<\/h1>\n<h2>Recomendaciones generales<\/h2>\n<\/div>\n<\/div>\n<div class=\"et_pb_module et_pb_text et_pb_text_2  et_pb_text_align_left et_pb_bg_layout_light\">\n<div class=\"et_pb_text_inner\">\n<h3>Tiempo de ayuno seg\u00fan la edad:<\/h3>\n<\/div>\n<\/div>\n<div class=\"et_pb_module et_pb_text et_pb_text_3  et_pb_text_align_left et_pb_bg_layout_light\">\n<div class=\"et_pb_text_inner\">\n<ul>\n<li><i class=\"fas fa-check\"><\/i><span>\u00a0<\/span>Bebe lactante: Justo antes de la siguiente comida.<\/li>\n<li><span>\u00a0<\/span>Paciente pedi\u00e1trico (entre 3-5 a\u00f1os): de 2 a 3 horas.<\/li>\n<li><span>\u00a0<\/span>Ni\u00f1os j\u00f3venes y adultos: de 6 a\u00f1os en delante de 8 a 12 horas.<\/li>\n<\/ul>\n<p>&nbsp;<\/p>\n<h3>Antes de la toma de muestra y para obtener un resultado confiable y de calidad le recomendamos evitar:<\/h3>\n<p>&nbsp;<\/p>\n<ul>\n<li><i class=\"fas fa-check\"><\/i><span>\u00a0<\/span>Tomar suplementos vitam\u00ednicos que contengan biotina el d\u00eda anterior.<\/li>\n<li><span>\u00a0<\/span>Ingerir bebidas alcoh\u00f3licas 24 horas antes.<\/li>\n<li><span>\u00a0<\/span>Fumar antes o durante la realizaci\u00f3n de los ex\u00e1menes.<\/li>\n<li><span>\u00a0<\/span>Realizar ejercicio excesivo.<\/li>\n<\/ul>\n<\/div>\n<\/div>\n<p>[\/et_pb_text][\/et_pb_column][\/et_pb_row][\/et_pb_section][et_pb_section fb_built=\u00bb1&#8243; _builder_version=\u00bb4.17.0&#8243; _module_preset=\u00bbdefault\u00bb global_colors_info=\u00bb{}\u00bb custom_padding=\u00bb0px|||||\u00bb][et_pb_row _builder_version=\u00bb4.17.0&#8243; _module_preset=\u00bbdefault\u00bb global_colors_info=\u00bb{}\u00bb][et_pb_column type=\u00bb4_4&#8243; _builder_version=\u00bb4.17.0&#8243; _module_preset=\u00bbdefault\u00bb global_colors_info=\u00bb{}\u00bb][et_pb_accordion open_toggle_text_color=\u00bb#000000&#8243; closed_toggle_background_color=\u00bb#001e56&#8243; _builder_version=\u00bb4.17.0&#8243; _module_preset=\u00bbdefault\u00bb toggle_text_color=\u00bb#FFFFFF\u00bb toggle_font=\u00bb|700|||||||\u00bb hover_enabled=\u00bb0&#8243; global_colors_info=\u00bb{}\u00bb sticky_enabled=\u00bb0&#8243;][et_pb_accordion_item title=\u00bbPERFIL LIPIDICO, COLESTEROL, TRIGLICERIDOS, HDL, LDL\u00bb _builder_version=\u00bb4.17.0&#8243; _module_preset=\u00bbdefault\u00bb global_colors_info=\u00bb{}\u00bb open=\u00bboff\u00bb]<\/p>\n<ul>\n<li><span>Guardar ayuno de 12 a 14 horas (adultos).<\/span><\/li>\n<li><span>El d\u00eda anterior a la realizaci\u00f3n del examen se recomienda ingerir alimentos m\u00e1ximo hasta las 7:00 pm, evitando consumo de grasas.<\/span><\/li>\n<li><span>Pres\u00e9ntese en el laboratorio cl\u00ednico en COMPLETO AYUNO, preferiblemente a primera hora de la ma\u00f1ana.<\/span><\/li>\n<li><span>Puede continuar con la administraci\u00f3n de medicamentos como es usual A MENOS que su medico tratante indique lo contrario.<\/span><\/li>\n<li><span>No ingerir bebidas alcoh\u00f3licas 72 horas previas al examen.<\/span><\/li>\n<li><span>No realizar ejercicio antes de la prueba.<\/span><\/li>\n<\/ul>\n<p>[\/et_pb_accordion_item][et_pb_accordion_item title=\u00bbGLICEMIA PRE\/POST, CURVA DE GLUCOSA CON O SIN CARGA DE GLUCOSA\u00bb _builder_version=\u00bb4.17.0&#8243; _module_preset=\u00bbdefault\u00bb global_colors_info=\u00bb{}\u00bb open=\u00bbon\u00bb]<\/p>\n<ul>\n<li><span>Mantenga su dieta habitual durante las \u00faltimas 72 horas y evite el consumo de bebidas alcoh\u00f3licas durante las \u00faltimas 24 horas previas al examen. NO restringa el consumo de carbohidratos (harinas, panes, az\u00facar), esto puede afectar el resultado.<\/span><\/li>\n<li><span>Puede continuar con la administraci\u00f3n de medicamentos como es usual A MENOS que su m\u00e9dico tratante indique lo contrario.<\/span><\/li>\n<li><span><span>Progr\u00e1mese con tiempo suficiente para la realizaci\u00f3n del examen, ya que <\/span><\/span>la glicemia pre y post puede tardar aproximadamente 2 horas y la curva de glucosa hasta 4 horas<\/li>\n<li><span>Este examen requiere ayuno previo de 8 -12 horas. Ni\u00f1os requieren ayuno de 4 horas. En lactantes el requisito de ayuno es de 3 horas o al menos el tiempo usual entre cada alimentaci\u00f3n, sea biber\u00f3n o pecho materno.<\/span><\/li>\n<li><span>Durante el periodo de ayuno, y durante el proceso de toma de muestras, evite el ejercicio inusual, no fume ni ingiera bebidas distintas al agua.<\/span><\/li>\n<li><span>Durante el ayuno puede consumir agua, 30 minutos previo al inicio del examen se recomienda restringir ingesta de agua y reposar. No consuma dulces, mentas, goma de mascar durante el periodo del examen.<\/span><\/li>\n<li><span>Para este examen se tomar\u00e1n una o varias muestras de sangre de una vena del brazo y, dependiendo de la instrucci\u00f3n del m\u00e9dico, inmediatamente se le pedir\u00e1 que desayune, o se le proporcionara una soluci\u00f3n azucarada (CARGA DE GLUCOSA), la cual debe beber completamente en un lapso de 5 minutos como m\u00e1ximo.<\/span><\/li>\n<li><span>En caso de CARGA DE GLUCOSA: Para calcular el momento de la toma de la muestra se utiliza el tiempo en que termina la ingesta de la carga de glucosa (por favor tome nota de la hora e informe a la auxiliar de laboratorio que lo atendi\u00f3)<\/span><\/li>\n<li><span>En caso de GLICEMIA PRE\/POST DESAYUNO: pres\u00e9ntese en el laboratorio cl\u00ednico 10 minutos antes de cumplirse las 2 horas desde que termine de ingerir el alimento.<\/span><\/li>\n<li><span>Si se trata de CURVA DE GLUCOSA: se informar\u00e1 el horario de toma de varias muestras, hasta completar la prueba.<\/span><\/li>\n<li><span>El cumplimiento de los horarios es muy importante para la calidad de los resultados y la posterior interpretaci\u00f3n por parte de su medico tratante.<\/span><\/li>\n<\/ul>\n<p><strong><span>Importante:<\/span><\/strong><\/p>\n<p><strong><span><\/span><\/strong><\/p>\n<ul>\n<li><span>Durante el examen debe permanecer cerca de las instalaciones del laboratorio.<\/span><\/li>\n<li><span>La ingesta de la carga de glucosa puede producir malestar (mareo, nauseas e incluso vomito)<\/span><\/li>\n<li><span>Si en cualquier momento usted se siente mal, por favor informe de inmediato.<\/span><\/li>\n<\/ul>\n<p>[\/et_pb_accordion_item][et_pb_accordion_item title=\u00bbRECOLECCI\u00d3N DE ORINA 24 HORAS\u00bb _builder_version=\u00bb4.17.0&#8243; _module_preset=\u00bbdefault\u00bb global_colors_info=\u00bb{}\u00bb open=\u00bboff\u00bb]<\/p>\n<ul>\n<li><span>Solicite en el Laboratorio cl\u00ednico el recipiente adecuado para los ex\u00e1menes que le han solicitado, este contenedor debe ser identificado con sus datos personales.<\/span><\/li>\n<li><span>INICIO DEL PROCESO: Se comienza DESCARTANDO en el inodoro la primera orina de la ma\u00f1ana al levantarse. Anotar exactamente esta hora como hora cero.<\/span><\/li>\n<li><span>En adelante, debe recolectar TODA la orina en un recipiente de f\u00e1cil uso, LIMPIO SIN RESIDUO DE DETERGENTE Y SECO. Usando un vaso desechable limpio y seco, transfiera la orina en el contendedor final tan proto sea posible.<\/span><\/li>\n<li><span>Mantenga la orina en el contenedor final bien cerrado y de ser posible refrigerado (no congelar), de lo contrario mantenga el contendedor en un lugar fresco y protegido de la luz.<\/span><\/li>\n<li><span>FIN DE LA RECOLECCION: recolecte de esta forma TODA la orina hasta el d\u00eda siguiente a la misma hora anotada como hora cero, vaciando todo el contenido de la vejiga y transfiri\u00e9ndolo al contendedor final.<\/span><\/li>\n<li><span>Cierre bien el contendor final para evitar derrames.<\/span><\/li>\n<li><span>Marque el contenedor con su nombre, n\u00famero de identificaci\u00f3n, apellidos, fecha y hora de inicio de la recolecci\u00f3n de la muestra y fecha y hora de <br \/>\u00adfinalizaci\u00f3n de la recolecci\u00f3n<\/span><\/li>\n<li><span>Entregue la muestra en el menor tiempo posible en el laboratorio cl\u00ednico.<\/span><span><\/span><\/li>\n<\/ul>\n<p><strong><span>NOTA:<\/span><\/strong><span><\/span><\/p>\n<p><span>Si el examen solicitado es DEPURACION DE CREATININA, debe presentarse el paciente para la toma de una muestra de sangre\u00a0<strong>(No requiere ayuno)<\/strong><\/span><\/p>\n<p>[\/et_pb_accordion_item][et_pb_accordion_item title=\u00bbCOPROL\u00d3GICO, COPROSC\u00d3PICO Y SANGRE OCULTA EN HECES.\u00bb open=\u00bboff\u00bb _builder_version=\u00bb4.17.0&#8243; _module_preset=\u00bbdefault\u00bb global_colors_info=\u00bb{}\u00bb]<\/p>\n<div class=\"et_pb_toggle et_pb_module et_pb_accordion_item et_pb_accordion_item_3 et_pb_toggle_open\">\n<div class=\"et_pb_toggle_content clearfix\">\n<ul>\n<li><span>La recolecci\u00f3n de la muestra debe ser obtenida despu\u00e9s de 3 d\u00edas de terminado su periodo menstrual.<\/span><\/li>\n<li><span>El resultado puede alterarse por el periodo menstrual, el sangrado por hemorroides, gingival (enc\u00edas) o si hay sangre en la orina por favor informar.<\/span><\/li>\n<li><span>Las bebidas alcoh\u00f3licas, aspirina, antinflamatorios, hierro y vitamina C deben ser suspendidas al menos 2 d\u00edas antes de la recolecci\u00f3n de muestra debido a que pueden generar irritaciones gastrointestinales y\/o sangrado (si toma alguno de estos medicamentos por prescripci\u00f3n m\u00e9dica, consulta a su m\u00e9dico antes de suspenderlos).<\/span><\/li>\n<li><span>La muestra debe ser preferiblemente espont\u00e1nea y ser la primera de la ma\u00f1ana.<\/span><\/li>\n<li><span>No usar purgantes.<\/span><\/li>\n<li><span>No mezclar la muestra con orina, papel higi\u00e9nico, agua o jab\u00f3n.<\/span><\/li>\n<li><span>Si ha tenido un estudio radiogr\u00e1fico con administraci\u00f3n de Bario, dejar transcurrir 3 d\u00edas antes de recoger la muestra.<\/span><\/li>\n<li><span>Reclame en el laboratorio cl\u00ednico el recipiente y m\u00e1rquelo con sus datos personales (nombre completo y numero de identificaci\u00f3n).<\/span><\/li>\n<\/ul>\n<p><strong><span>Importante:\u00a0<\/span><\/strong><span>si ha hecho deposici\u00f3n con moco y\/o sangre y esta porci\u00f3n no fue incluida en la muestra recolectada, por favor informarlo al personal que le recibe su muestra.<\/span><\/p>\n<p><strong><span>M\u00e9todo de recolecci\u00f3n de la muestra:<\/span><\/strong><\/p>\n<ul>\n<li><span>Reci\u00e9n nacidos y ni\u00f1os menores: Si usa pa\u00f1al puede colocarlo invertido o colocar una bolsa pl\u00e1stica para recoger la muestra. Evite la contaminaci\u00f3n con orina.<\/span><\/li>\n<li><span>Ni\u00f1os en edad escolar y adultos: Puede colocar una bolsa pl\u00e1stica limpia en el inodoro para recoger la materia fecal. Recuerde no dejar contaminar la muestra con el agua ya que afecta el resultado.<\/span><\/li>\n<li><span>Una vez recolectada la muestra, transfi\u00e9rala al recipiente final provisto por el laboratorio.<\/span><\/li>\n<li><span>Lleve la muestra en un tiempo menor a dos horas al laboratorio, si se demora mas debe refrigerar la muestra (no congelar)<\/span><\/li>\n<li><span>Recuerde marcar el recipiente con sus datos antes de entregarlo en el Laboratorio.<\/span><span><\/span><\/li>\n<\/ul>\n<\/div>\n<\/div>\n<div class=\"et_pb_toggle et_pb_module et_pb_accordion_item et_pb_accordion_item_4  et_pb_toggle_close\"><\/div>\n<p>[\/et_pb_accordion_item][et_pb_accordion_item title=\u00bbGLUCOSA\u00bb _builder_version=\u00bb4.17.0&#8243; _module_preset=\u00bbdefault\u00bb global_colors_info=\u00bb{}\u00bb open=\u00bboff\u00bb]<\/p>\n<ul>\n<li><span>Evitar la ingesta de licor 24 horas antes del examen.<\/span><\/li>\n<li><span>Guardar ayuno entre 8 y 12 horas antes del examen.<\/span><\/li>\n<li><span>El ayuno no debe ser mayor a 12 horas.<\/span><\/li>\n<li><span>Se recomienda que la \u00faltima comida sea entre las 9:00 pm y 10:00 pm.<\/span><\/li>\n<li><span>Evitar hacer ejercicio, comer, tomar l\u00edquidos, masticar chicle o fumar antes de realizarte el examen.<\/span><\/li>\n<\/ul>\n<p>[\/et_pb_accordion_item][et_pb_accordion_item title=\u00bbHEMOGRAMA, VELOCIDAD DE SEDIMENTACI\u00d3N GLOBULAR (VSG), RETICULOCITOS, EXTENDIDO DE SANGRE PERIF\u00c9RICA\u00bb _builder_version=\u00bb4.17.0&#8243; _module_preset=\u00bbdefault\u00bb global_colors_info=\u00bb{}\u00bb open=\u00bboff\u00bb]<\/p>\n<ul>\n<li><span>Puedes continuar con las actividades que haces en tu vida diaria como ir a trabajar, estudiar, ejercitarte o manejar.<\/span><\/li>\n<li><span>NO requiere ayuno.<\/span><\/li>\n<\/ul>\n<p>[\/et_pb_accordion_item][et_pb_accordion_item title=\u00bbMICROALBUMINURIA\u00bb _builder_version=\u00bb4.17.0&#8243; _module_preset=\u00bbdefault\u00bb global_colors_info=\u00bb{}\u00bb open=\u00bboff\u00bb]<\/p>\n<ul>\n<li><span>Puede continuar con la administraci\u00f3n de medicamentos como es usual A MENOS que su m\u00e9dico tratante indique lo contrario.<\/span><\/li>\n<li><span>Solicite un recipiente en el laboratorio cl\u00ednico y m\u00e1rquelo con sus datos personales: Nombre y apellido, n\u00famero de identificaci\u00f3n. No abra el recipiente hasta el momento de tomar la muestra.<\/span><\/li>\n<li><span>La muestra recomendada es la primera orina de la ma\u00f1ana.<\/span><\/li>\n<li><span>Antes de recoger la muestra, realice un aseo genital, con jab\u00f3n usual y ret\u00edrelo con abundante agua.<\/span><\/li>\n<li><span>Si es mujer retraiga hacia los lados los labios menores. Si es hombre, retraiga el prepucio.<\/span><\/li>\n<li><span>Descarte la parte inicial de la orina. Recolecte la muestra de la mitad de la micci\u00f3n.<\/span><\/li>\n<\/ul>\n<p>[\/et_pb_accordion_item][et_pb_accordion_item title=\u00bbCREATININA\u00bb _builder_version=\u00bb4.17.0&#8243; _module_preset=\u00bbdefault\u00bb global_colors_info=\u00bb{}\u00bb open=\u00bboff\u00bb]<\/p>\n<ul>\n<li><span>NO requiere ayuno<\/span><\/li>\n<li><span>Para el examen de Creatinina: no haber asistido 72 horas antes de procedimientos imagenol\u00f3gicos que requieran aplicaci\u00f3n de medio de contraste.<\/span><\/li>\n<\/ul>\n<p>[\/et_pb_accordion_item][et_pb_accordion_item title=\u00bbELECTROLITOS (SODIO, POTASIO, CLORO)\u00bb _builder_version=\u00bb4.17.0&#8243; _module_preset=\u00bbdefault\u00bb global_colors_info=\u00bb{}\u00bb open=\u00bboff\u00bb]<\/p>\n<ul>\n<li><span>NO requiere ayuno.<\/span><\/li>\n<li><span>Puede continuar con la administraci\u00f3n de medicamentos como es usual A MENOS que su m\u00e9dico tratante indique lo contrario.<\/span><\/li>\n<\/ul>\n<p>[\/et_pb_accordion_item][et_pb_accordion_item title=\u00bbHEMOGLOBINA GLICOSILADA\u00bb _builder_version=\u00bb4.17.0&#8243; _module_preset=\u00bbdefault\u00bb global_colors_info=\u00bb{}\u00bb open=\u00bboff\u00bb]<\/p>\n<ul>\n<li><span>NO requiere ayuno.<\/span><\/li>\n<li><span>Puede continuar con la administraci\u00f3n de medicamentos como es usual A MENOS que su m\u00e9dico tratante indique lo contrario.<\/span><\/li>\n<\/ul>\n<p>[\/et_pb_accordion_item][et_pb_accordion_item title=\u00bbACIDO URICO\u00bb _builder_version=\u00bb4.17.0&#8243; _module_preset=\u00bbdefault\u00bb global_colors_info=\u00bb{}\u00bb open=\u00bboff\u00bb]<\/p>\n<ul>\n<li><span>Ayuno de 8 a 12 horas<\/span><\/li>\n<li><span>No cambiar h\u00e1bitos alimenticios previos al examen<\/span><\/li>\n<li><span>No ingerir bebidas alcoh\u00f3licas 72 horas previas al examen<\/span><\/li>\n<li><span>No realizar ejercicio excesivo antes de la prueba.<\/span><\/li>\n<li><span>Puede continuar con la administraci\u00f3n de medicamentos como es usual A MENOS que su m\u00e9dico tratante indique lo contrario.<\/span><\/li>\n<\/ul>\n<p>[\/et_pb_accordion_item][et_pb_accordion_item title=\u00bbPERFIL TIROIDEO\u00bb _builder_version=\u00bb4.17.0&#8243; _module_preset=\u00bbdefault\u00bb global_colors_info=\u00bb{}\u00bb open=\u00bboff\u00bb]<\/p>\n<ul>\n<li><span>NO requiere ayuno.<\/span><\/li>\n<li><span>Puede continuar con la administraci\u00f3n de medicamentos como es usual A MENOS que su m\u00e9dico tratante indique lo contrario.<\/span><\/li>\n<\/ul>\n<p>[\/et_pb_accordion_item][et_pb_accordion_item title=\u00bbANTIGENOS ESPECIFICO PARA PROSTATA (PSA)\u00bb _builder_version=\u00bb4.17.0&#8243; _module_preset=\u00bbdefault\u00bb global_colors_info=\u00bb{}\u00bb open=\u00bboff\u00bb]<\/p>\n<ul>\n<li><span>La muestra se debe tomar antes de la realizaci\u00f3n de biopsias prost\u00e1ticas o prostatectom\u00eda. De lo contrario deje pasar 10 d\u00edas para la toma de la muestra de sangre.<\/span><\/li>\n<li><span>NO requiere ayuno.<\/span><\/li>\n<li><span>Es necesario que tenga abstinencia sexual de m\u00ednimo tres d\u00edas antes del examen.<\/span><\/li>\n<li><span>No tacto rectal<\/span><\/li>\n<li><span>No masaje prost\u00e1tico<\/span><\/li>\n<li><span>No montar a caballo<\/span><\/li>\n<li><span>No montar bicicleta.<\/span><\/li>\n<\/ul>\n<p>[\/et_pb_accordion_item][et_pb_accordion_item title=\u00bbCITOLOG\u00cdA C\u00c9RVICO VAGINAL\u00bb _builder_version=\u00bb4.17.0&#8243; _module_preset=\u00bbdefault\u00bb global_colors_info=\u00bb{}\u00bb open=\u00bboff\u00bb]<\/p>\n<p><span>Este examen implica la introducci\u00f3n de un especulo vaginal para acceder al cuello del \u00fatero. El procedimiento puede ser un poco molesto. Nos esforzamos por minimizar la incomodidad para usted.<\/span><\/p>\n<ul>\n<li><span>Previo al examen aseg\u00farese de diligenciar el formato de consentimiento informado para Citolog\u00eda Vaginal.<\/span><\/li>\n<li><span>Evite el uso de duchas vaginales el d\u00eda del examen, si se aplica medicamentos locales (\u00f3vulos, cremas) presentese luego de 5 dias de terminado el tratamiento.<\/span><\/li>\n<\/ul>\n<p>No tener<span>\u00a0<\/span><strong>relaciones sexuales 72 horas<\/strong><span>\u00a0<\/span>(3 dias) previas a este examen.<\/p>\n<ul>\n<li><span>Si hay flujo menstrual, espere 6 d\u00edas luego de terminado el sangrado.<\/span><\/li>\n<li><span>Tambi\u00e9n debe informar si esta embarazada, (en cuyo caso su muestra debe ser tomada preferiblemente por su m\u00e9dico tratante), si ha recibido terapia hormonal o si ha tenido alg\u00fan procedimiento en el cuello uterino.<\/span><\/li>\n<li><span>Si presenta necesidad especial (lubricaci\u00f3n, uso de especulo especial, o atenci\u00f3n por un m\u00e9dico), por favor notif\u00edquelo.<\/span><\/li>\n<li><span>No olvide reclamar su resultado. Un diagnostico oportuno garantiza un tratamiento oportuno.<\/span><\/li>\n<\/ul>\n<p>&nbsp;<\/p>\n<p>[\/et_pb_accordion_item][\/et_pb_accordion][\/et_pb_column][\/et_pb_row][\/et_pb_section]<\/p>\n","protected":false},"excerpt":{"rendered":"<p>Preparaci\u00f3n para ex\u00e1menes Recomendaciones generales Tiempo de ayuno seg\u00fan la edad: \u00a0Bebe lactante: Justo antes de la siguiente comida. \u00a0Paciente pedi\u00e1trico (entre 3-5 a\u00f1os): de 2 a 3 horas. \u00a0Ni\u00f1os j\u00f3venes y adultos: de 6 a\u00f1os en delante de 8 a 12 horas. &nbsp; Antes de la toma de muestra y para obtener un resultado [&hellip;]<\/p>\n","protected":false},"author":1,"featured_media":0,"parent":0,"menu_order":0,"comment_status":"closed","ping_status":"closed","template":"","meta":{"_et_pb_use_builder":"on","_et_pb_old_content":"","_et_gb_content_width":"","om_disable_all_campaigns":false,"_monsterinsights_skip_tracking":false,"_monsterinsights_sitenote_active":false,"_monsterinsights_sitenote_note":"","_monsterinsights_sitenote_category":0,"footnotes":""},"class_list":["post-87","page","type-page","status-publish","hentry"],"aioseo_notices":[],"_links":{"self":[{"href":"https:\/\/biosaludlaboratorio.com\/index.php\/wp-json\/wp\/v2\/pages\/87","targetHints":{"allow":["GET"]}}],"collection":[{"href":"https:\/\/biosaludlaboratorio.com\/index.php\/wp-json\/wp\/v2\/pages"}],"about":[{"href":"https:\/\/biosaludlaboratorio.com\/index.php\/wp-json\/wp\/v2\/types\/page"}],"author":[{"embeddable":true,"href":"https:\/\/biosaludlaboratorio.com\/index.php\/wp-json\/wp\/v2\/users\/1"}],"replies":[{"embeddable":true,"href":"https:\/\/biosaludlaboratorio.com\/index.php\/wp-json\/wp\/v2\/comments?post=87"}],"version-history":[{"count":10,"href":"https:\/\/biosaludlaboratorio.com\/index.php\/wp-json\/wp\/v2\/pages\/87\/revisions"}],"predecessor-version":[{"id":205,"href":"https:\/\/biosaludlaboratorio.com\/index.php\/wp-json\/wp\/v2\/pages\/87\/revisions\/205"}],"wp:attachment":[{"href":"https:\/\/biosaludlaboratorio.com\/index.php\/wp-json\/wp\/v2\/media?parent=87"}],"curies":[{"name":"wp","href":"https:\/\/api.w.org\/{rel}","templated":true}]}}